{"id":6,"date":"2021-03-03T11:26:44","date_gmt":"2021-03-03T11:26:44","guid":{"rendered":"https:\/\/portucalea.pt\/site\/?page_id=6"},"modified":"2021-03-05T15:11:24","modified_gmt":"2021-03-05T15:11:24","slug":"sobre","status":"publish","type":"page","link":"https:\/\/portucalea.pt\/site\/sobre\/","title":{"rendered":"Sobre"},"content":{"rendered":"\n<p>A <strong>PORTUCALEA &#8211; Associa\u00e7\u00e3o Florestal do Grande Porto<\/strong> \u00e9 uma associa\u00e7\u00e3o privada de propriet\u00e1rios e produtores florestais, sem fins lucrativos, de utilidade p\u00fablica e equiparada a ONGA, constitu\u00edda a 20 de Junho de 1997. Tem como \u00e1rea de interven\u00e7\u00e3o os concelhos de Gondomar, Valongo, Vila Nova de Gaia, Vila do Conde, Maia, P\u00f3voa de Varzim, Porto, Espinho e Matosinhos.<\/p>\n\n\n\n<p>A Portucalea surge da necessidade de unir os propriet\u00e1rios florestais em prol do desenvolvimento sustentado da Floresta e tem como associados pessoas individuais ou coletivas, p\u00fablicas ou privadas.<\/p>\n\n\n\n<p>A Associa\u00e7\u00e3o conta com 23 colaboradores, estando estes divididos por 4 equipas de Sapadores Florestais, 2 T\u00e9cnicos Florestais e 1 administrativa.<\/p>\n\n\n\n<div class=\"wp-block-image\"><figure class=\"aligncenter size-large\"><img loading=\"lazy\" decoding=\"async\" width=\"724\" height=\"1024\" src=\"https:\/\/portucalea.pt\/site\/wp-content\/uploads\/2021\/03\/area_portucalea-724x1024.jpg\" alt=\"\" class=\"wp-image-100\" srcset=\"https:\/\/portucalea.pt\/site\/wp-content\/uploads\/2021\/03\/area_portucalea-724x1024.jpg 724w, https:\/\/portucalea.pt\/site\/wp-content\/uploads\/2021\/03\/area_portucalea-212x300.jpg 212w, https:\/\/portucalea.pt\/site\/wp-content\/uploads\/2021\/03\/area_portucalea-768x1086.jpg 768w, https:\/\/portucalea.pt\/site\/wp-content\/uploads\/2021\/03\/area_portucalea-106x150.jpg 106w, https:\/\/portucalea.pt\/site\/wp-content\/uploads\/2021\/03\/area_portucalea.jpg 910w\" sizes=\"auto, (max-width: 724px) 100vw, 724px\" \/><figcaption>\u00c1rea de interven\u00e7\u00e3o<\/figcaption><\/figure><\/div>\n\n\n\n<h3 class=\"wp-block-heading\">Objectivos<\/h3>\n\n\n\n<p>A Portucalea tem como objetivos principais:<\/p>\n\n\n\n<ul class=\"wp-block-list\"><li>A defesa e promo\u00e7\u00e3o dos interesses dos produtores e propriet\u00e1rios florestais;<\/li><li>A valoriza\u00e7\u00e3o do patrim\u00f3nio florestal dos associados;<\/li><li>O fomento da elabora\u00e7\u00e3o e execu\u00e7\u00e3o de projetos de arboriza\u00e7\u00e3o e beneficia\u00e7\u00e3o;<\/li><li>O desenvolvimento de a\u00e7\u00f5es de preserva\u00e7\u00e3o e valoriza\u00e7\u00e3o dos espa\u00e7os florestais, agr\u00edcolas e naturais, da fauna e da flora;<\/li><li>A defesa e valoriza\u00e7\u00e3o do ambiente, do patrim\u00f3nio natural e constru\u00eddo;<\/li><li>A conserva\u00e7\u00e3o da natureza.<\/li><\/ul>\n","protected":false},"excerpt":{"rendered":"<p>A PORTUCALEA &#8211; Associa\u00e7\u00e3o Florestal do Grande Porto \u00e9 uma associa\u00e7\u00e3o privada de propriet\u00e1rios e produtores florestais, sem fins lucrativos, de utilidade p\u00fablica e equiparada a ONGA, constitu\u00edda a 20 de Junho de 1997. Tem como \u00e1rea de interven\u00e7\u00e3o os concelhos de Gondomar, Valongo, Vila Nova de Gaia, Vila do&#8230;<\/p>\n<p> <a class=\"continue-reading-link\" href=\"https:\/\/portucalea.pt\/site\/sobre\/\"><span>Continue reading<\/span><i class=\"crycon-right-dir\"><\/i><\/a> <\/p>\n","protected":false},"author":1,"featured_media":0,"parent":0,"menu_order":0,"comment_status":"closed","ping_status":"closed","template":"","meta":{"footnotes":""},"class_list":["post-6","page","type-page","status-publish","hentry"],"_links":{"self":[{"href":"https:\/\/portucalea.pt\/site\/wp-json\/wp\/v2\/pages\/6","targetHints":{"allow":["GET"]}}],"collection":[{"href":"https:\/\/portucalea.pt\/site\/wp-json\/wp\/v2\/pages"}],"about":[{"href":"https:\/\/portucalea.pt\/site\/wp-json\/wp\/v2\/types\/page"}],"author":[{"embeddable":true,"href":"https:\/\/portucalea.pt\/site\/wp-json\/wp\/v2\/users\/1"}],"replies":[{"embeddable":true,"href":"https:\/\/portucalea.pt\/site\/wp-json\/wp\/v2\/comments?post=6"}],"version-history":[{"count":9,"href":"https:\/\/portucalea.pt\/site\/wp-json\/wp\/v2\/pages\/6\/revisions"}],"predecessor-version":[{"id":104,"href":"https:\/\/portucalea.pt\/site\/wp-json\/wp\/v2\/pages\/6\/revisions\/104"}],"wp:attachment":[{"href":"https:\/\/portucalea.pt\/site\/wp-json\/wp\/v2\/media?parent=6"}],"curies":[{"name":"wp","href":"https:\/\/api.w.org\/{rel}","templated":true}]}}