{"id":59,"date":"2021-03-04T18:19:20","date_gmt":"2021-03-04T18:19:20","guid":{"rendered":"https:\/\/portucalea.pt\/site\/?page_id=59"},"modified":"2021-03-04T18:50:48","modified_gmt":"2021-03-04T18:50:48","slug":"servicos","status":"publish","type":"page","link":"https:\/\/portucalea.pt\/site\/servicos\/","title":{"rendered":"Servi\u00e7os"},"content":{"rendered":"\n<ul class=\"wp-block-list\"><li>Apoio e Aconselhamento T\u00e9cnico<\/li><\/ul>\n\n\n\n<ul class=\"wp-block-list\"><li>Levantamento de GPS e Elabora\u00e7\u00e3o de Cartografia Digital<\/li><\/ul>\n\n\n\n<ul class=\"wp-block-list\"><li>Elabora\u00e7\u00e3o e Acompanhamento de Projetos<\/li><\/ul>\n\n\n\n<ul class=\"wp-block-list\"><li>Elabora\u00e7\u00e3o de Planos de Gest\u00e3o Florestal<\/li><\/ul>\n\n\n\n<ul class=\"wp-block-list\"><li>Avalia\u00e7\u00e3o de Material Lenhoso<\/li><\/ul>\n\n\n\n<p><\/p>\n","protected":false},"excerpt":{"rendered":"<p>Apoio e Aconselhamento T\u00e9cnico Levantamento de GPS e Elabora\u00e7\u00e3o de Cartografia Digital Elabora\u00e7\u00e3o e Acompanhamento de Projetos Elabora\u00e7\u00e3o de Planos de Gest\u00e3o Florestal Avalia\u00e7\u00e3o de Material Lenhoso<\/p>\n<p> <a class=\"continue-reading-link\" href=\"https:\/\/portucalea.pt\/site\/servicos\/\"><span>Continue reading<\/span><i class=\"crycon-right-dir\"><\/i><\/a> <\/p>\n","protected":false},"author":1,"featured_media":0,"parent":0,"menu_order":0,"comment_status":"closed","ping_status":"closed","template":"","meta":{"footnotes":""},"class_list":["post-59","page","type-page","status-publish","hentry"],"_links":{"self":[{"href":"https:\/\/portucalea.pt\/site\/wp-json\/wp\/v2\/pages\/59","targetHints":{"allow":["GET"]}}],"collection":[{"href":"https:\/\/portucalea.pt\/site\/wp-json\/wp\/v2\/pages"}],"about":[{"href":"https:\/\/portucalea.pt\/site\/wp-json\/wp\/v2\/types\/page"}],"author":[{"embeddable":true,"href":"https:\/\/portucalea.pt\/site\/wp-json\/wp\/v2\/users\/1"}],"replies":[{"embeddable":true,"href":"https:\/\/portucalea.pt\/site\/wp-json\/wp\/v2\/comments?post=59"}],"version-history":[{"count":5,"href":"https:\/\/portucalea.pt\/site\/wp-json\/wp\/v2\/pages\/59\/revisions"}],"predecessor-version":[{"id":72,"href":"https:\/\/portucalea.pt\/site\/wp-json\/wp\/v2\/pages\/59\/revisions\/72"}],"wp:attachment":[{"href":"https:\/\/portucalea.pt\/site\/wp-json\/wp\/v2\/media?parent=59"}],"curies":[{"name":"wp","href":"https:\/\/api.w.org\/{rel}","templated":true}]}}