{"id":106,"date":"2021-03-05T16:25:26","date_gmt":"2021-03-05T16:25:26","guid":{"rendered":"https:\/\/portucalea.pt\/site\/?page_id=106"},"modified":"2022-07-06T11:02:26","modified_gmt":"2022-07-06T11:02:26","slug":"projetos","status":"publish","type":"page","link":"https:\/\/portucalea.pt\/site\/projetos\/","title":{"rendered":"Projetos"},"content":{"rendered":"\n<ul class=\"wp-block-list\"><li><a href=\"https:\/\/portucalea.pt\/site\/saaf-forestis\/\">Cria\u00e7\u00e3o e Desenvolvimento de Servi\u00e7os de Aconselhamento Agroflorestal (SAAF) do Movimento Forestis<\/a><\/li><\/ul>\n\n\n\n<p><\/p>\n","protected":false},"excerpt":{"rendered":"<p>Cria\u00e7\u00e3o e Desenvolvimento de Servi\u00e7os de Aconselhamento Agroflorestal (SAAF) do Movimento Forestis<\/p>\n<p> <a class=\"continue-reading-link\" href=\"https:\/\/portucalea.pt\/site\/projetos\/\"><span>Continue reading<\/span><i class=\"crycon-right-dir\"><\/i><\/a> <\/p>\n","protected":false},"author":1,"featured_media":0,"parent":0,"menu_order":0,"comment_status":"closed","ping_status":"closed","template":"","meta":{"footnotes":""},"class_list":["post-106","page","type-page","status-publish","hentry"],"_links":{"self":[{"href":"https:\/\/portucalea.pt\/site\/wp-json\/wp\/v2\/pages\/106","targetHints":{"allow":["GET"]}}],"collection":[{"href":"https:\/\/portucalea.pt\/site\/wp-json\/wp\/v2\/pages"}],"about":[{"href":"https:\/\/portucalea.pt\/site\/wp-json\/wp\/v2\/types\/page"}],"author":[{"embeddable":true,"href":"https:\/\/portucalea.pt\/site\/wp-json\/wp\/v2\/users\/1"}],"replies":[{"embeddable":true,"href":"https:\/\/portucalea.pt\/site\/wp-json\/wp\/v2\/comments?post=106"}],"version-history":[{"count":6,"href":"https:\/\/portucalea.pt\/site\/wp-json\/wp\/v2\/pages\/106\/revisions"}],"predecessor-version":[{"id":143,"href":"https:\/\/portucalea.pt\/site\/wp-json\/wp\/v2\/pages\/106\/revisions\/143"}],"wp:attachment":[{"href":"https:\/\/portucalea.pt\/site\/wp-json\/wp\/v2\/media?parent=106"}],"curies":[{"name":"wp","href":"https:\/\/api.w.org\/{rel}","templated":true}]}}